{"id":19595,"date":"2023-08-15T09:29:36","date_gmt":"2023-08-15T07:29:36","guid":{"rendered":"https:\/\/dstchemicals.com\/resources"},"modified":"2026-02-24T14:23:33","modified_gmt":"2026-02-24T13:23:33","slug":"resurser","status":"publish","type":"page","link":"https:\/\/dstchemicals.com\/sv\/resurser","title":{"rendered":"Resurser"},"content":{"rendered":"","protected":false},"excerpt":{"rendered":"","protected":false},"author":4,"featured_media":0,"parent":0,"menu_order":0,"comment_status":"closed","ping_status":"closed","template":"","meta":{"_acf_changed":false,"footnotes":""},"page-template":[],"class_list":["post-19595","page","type-page","status-publish","hentry"],"acf":[],"yoast_head":"<!-- This site is optimized with the Yoast SEO Premium plugin v27.2 (Yoast SEO v27.2) - https:\/\/yoast.com\/product\/yoast-seo-premium-wordpress\/ -->\n<title>Resurser f\u00f6r reng\u00f6ring av komponenter - DST-CHEMICALS<\/title>\n<meta name=\"description\" content=\"Uppt\u00e4ck information som visar v\u00e5r expertis inom industriell reng\u00f6ring och f\u00f6rdjupa dig i en samlad kunskapsbas f\u00f6r branschinsikter.\" \/>\n<meta name=\"robots\" content=\"index, follow, max-snippet:-1, max-image-preview:large, max-video-preview:-1\" \/>\n<link rel=\"canonical\" href=\"https:\/\/dstchemicals.com\/sv\/resurser\" \/>\n<meta property=\"og:locale\" content=\"sv_SE\" \/>\n<meta property=\"og:type\" content=\"article\" \/>\n<meta property=\"og:title\" content=\"Resurser\" \/>\n<meta property=\"og:description\" content=\"Uppt\u00e4ck information som visar v\u00e5r expertis inom industriell reng\u00f6ring och f\u00f6rdjupa dig i en samlad kunskapsbas f\u00f6r branschinsikter.\" \/>\n<meta property=\"og:url\" content=\"https:\/\/dstchemicals.com\/sv\/resurser\" \/>\n<meta property=\"og:site_name\" content=\"DST-CHEMICALS\" \/>\n<meta property=\"article:publisher\" content=\"https:\/\/www.facebook.com\/people\/DST-CHEMICALS-AS\/100069341983712\/\" \/>\n<meta property=\"article:modified_time\" content=\"2026-02-24T13:23:33+00:00\" \/>\n<meta property=\"og:image\" content=\"https:\/\/dstchemicals.com\/wp-content\/uploads\/2023\/10\/Image-OFFICE-Get-to-Know-Us-with-Logo-OVAL.jpg\" \/>\n\t<meta property=\"og:image:width\" content=\"2560\" \/>\n\t<meta property=\"og:image:height\" content=\"1122\" \/>\n\t<meta property=\"og:image:type\" content=\"image\/jpeg\" \/>\n<meta name=\"twitter:card\" content=\"summary_large_image\" \/>\n<script type=\"application\/ld+json\" class=\"yoast-schema-graph\">{\"@context\":\"https:\/\/schema.org\",\"@graph\":[{\"@type\":\"WebPage\",\"@id\":\"https:\/\/dstchemicals.com\/sv\/resurser\",\"url\":\"https:\/\/dstchemicals.com\/sv\/resurser\",\"name\":\"Resurser f\u00f6r reng\u00f6ring av komponenter - DST-CHEMICALS\",\"isPartOf\":{\"@id\":\"https:\/\/dstchemicals.com\/sv#website\"},\"datePublished\":\"2023-08-15T07:29:36+00:00\",\"dateModified\":\"2026-02-24T13:23:33+00:00\",\"description\":\"Uppt\u00e4ck information som visar v\u00e5r expertis inom industriell reng\u00f6ring och f\u00f6rdjupa dig i en samlad kunskapsbas f\u00f6r branschinsikter.\",\"breadcrumb\":{\"@id\":\"https:\/\/dstchemicals.com\/sv\/resurser#breadcrumb\"},\"inLanguage\":\"sv-SE\",\"potentialAction\":[{\"@type\":\"ReadAction\",\"target\":[\"https:\/\/dstchemicals.com\/sv\/resurser\"]}]},{\"@type\":\"BreadcrumbList\",\"@id\":\"https:\/\/dstchemicals.com\/sv\/resurser#breadcrumb\",\"itemListElement\":[{\"@type\":\"ListItem\",\"position\":1,\"name\":\"Home\",\"item\":\"https:\/\/dstchemicals.com\/sv\"},{\"@type\":\"ListItem\",\"position\":2,\"name\":\"Resurser\"}]},{\"@type\":\"WebSite\",\"@id\":\"https:\/\/dstchemicals.com\/sv#website\",\"url\":\"https:\/\/dstchemicals.com\/sv\",\"name\":\"DST-CHEMICALS\",\"description\":\"Cleaning is a question of chemistry\",\"publisher\":{\"@id\":\"https:\/\/dstchemicals.com\/sv#organization\"},\"alternateName\":\"DST\",\"potentialAction\":[{\"@type\":\"SearchAction\",\"target\":{\"@type\":\"EntryPoint\",\"urlTemplate\":\"https:\/\/dstchemicals.com\/sv?s={search_term_string}\"},\"query-input\":{\"@type\":\"PropertyValueSpecification\",\"valueRequired\":true,\"valueName\":\"search_term_string\"}}],\"inLanguage\":\"sv-SE\"},{\"@type\":\"Organization\",\"@id\":\"https:\/\/dstchemicals.com\/sv#organization\",\"name\":\"DST-CHEMICALS\",\"alternateName\":\"DST\",\"url\":\"https:\/\/dstchemicals.com\/sv\",\"logo\":{\"@type\":\"ImageObject\",\"inLanguage\":\"sv-SE\",\"@id\":\"https:\/\/dstchemicals.com\/sv#\/schema\/logo\/image\/\",\"url\":\"https:\/\/dstchemicals.com\/wp-content\/uploads\/2023\/02\/DST-CHEMICALS-Logo-2021-RGB-336x280-1.png\",\"contentUrl\":\"https:\/\/dstchemicals.com\/wp-content\/uploads\/2023\/02\/DST-CHEMICALS-Logo-2021-RGB-336x280-1.png\",\"width\":336,\"height\":280,\"caption\":\"DST-CHEMICALS\"},\"image\":{\"@id\":\"https:\/\/dstchemicals.com\/sv#\/schema\/logo\/image\/\"},\"sameAs\":[\"https:\/\/www.facebook.com\/people\/DST-CHEMICALS-AS\/100069341983712\/\",\"https:\/\/www.linkedin.com\/company\/dstchemicals\/\"],\"legalName\":\"DST-CHEMICALS A\/S\",\"vatID\":\"DK10831237\",\"numberOfEmployees\":{\"@type\":\"QuantitativeValue\",\"minValue\":\"51\",\"maxValue\":\"200\"}}]}<\/script>\n<!-- \/ Yoast SEO Premium plugin. -->","yoast_head_json":{"title":"Resurser f\u00f6r reng\u00f6ring av komponenter - DST-CHEMICALS","description":"Uppt\u00e4ck information som visar v\u00e5r expertis inom industriell reng\u00f6ring och f\u00f6rdjupa dig i en samlad kunskapsbas f\u00f6r branschinsikter.","robots":{"index":"index","follow":"follow","max-snippet":"max-snippet:-1","max-image-preview":"max-image-preview:large","max-video-preview":"max-video-preview:-1"},"canonical":"https:\/\/dstchemicals.com\/sv\/resurser","og_locale":"sv_SE","og_type":"article","og_title":"Resurser","og_description":"Uppt\u00e4ck information som visar v\u00e5r expertis inom industriell reng\u00f6ring och f\u00f6rdjupa dig i en samlad kunskapsbas f\u00f6r branschinsikter.","og_url":"https:\/\/dstchemicals.com\/sv\/resurser","og_site_name":"DST-CHEMICALS","article_publisher":"https:\/\/www.facebook.com\/people\/DST-CHEMICALS-AS\/100069341983712\/","article_modified_time":"2026-02-24T13:23:33+00:00","og_image":[{"width":2560,"height":1122,"url":"https:\/\/dstchemicals.com\/wp-content\/uploads\/2023\/10\/Image-OFFICE-Get-to-Know-Us-with-Logo-OVAL.jpg","type":"image\/jpeg"}],"twitter_card":"summary_large_image","schema":{"@context":"https:\/\/schema.org","@graph":[{"@type":"WebPage","@id":"https:\/\/dstchemicals.com\/sv\/resurser","url":"https:\/\/dstchemicals.com\/sv\/resurser","name":"Resurser f\u00f6r reng\u00f6ring av komponenter - DST-CHEMICALS","isPartOf":{"@id":"https:\/\/dstchemicals.com\/sv#website"},"datePublished":"2023-08-15T07:29:36+00:00","dateModified":"2026-02-24T13:23:33+00:00","description":"Uppt\u00e4ck information som visar v\u00e5r expertis inom industriell reng\u00f6ring och f\u00f6rdjupa dig i en samlad kunskapsbas f\u00f6r branschinsikter.","breadcrumb":{"@id":"https:\/\/dstchemicals.com\/sv\/resurser#breadcrumb"},"inLanguage":"sv-SE","potentialAction":[{"@type":"ReadAction","target":["https:\/\/dstchemicals.com\/sv\/resurser"]}]},{"@type":"BreadcrumbList","@id":"https:\/\/dstchemicals.com\/sv\/resurser#breadcrumb","itemListElement":[{"@type":"ListItem","position":1,"name":"Home","item":"https:\/\/dstchemicals.com\/sv"},{"@type":"ListItem","position":2,"name":"Resurser"}]},{"@type":"WebSite","@id":"https:\/\/dstchemicals.com\/sv#website","url":"https:\/\/dstchemicals.com\/sv","name":"DST-CHEMICALS","description":"Cleaning is a question of chemistry","publisher":{"@id":"https:\/\/dstchemicals.com\/sv#organization"},"alternateName":"DST","potentialAction":[{"@type":"SearchAction","target":{"@type":"EntryPoint","urlTemplate":"https:\/\/dstchemicals.com\/sv?s={search_term_string}"},"query-input":{"@type":"PropertyValueSpecification","valueRequired":true,"valueName":"search_term_string"}}],"inLanguage":"sv-SE"},{"@type":"Organization","@id":"https:\/\/dstchemicals.com\/sv#organization","name":"DST-CHEMICALS","alternateName":"DST","url":"https:\/\/dstchemicals.com\/sv","logo":{"@type":"ImageObject","inLanguage":"sv-SE","@id":"https:\/\/dstchemicals.com\/sv#\/schema\/logo\/image\/","url":"https:\/\/dstchemicals.com\/wp-content\/uploads\/2023\/02\/DST-CHEMICALS-Logo-2021-RGB-336x280-1.png","contentUrl":"https:\/\/dstchemicals.com\/wp-content\/uploads\/2023\/02\/DST-CHEMICALS-Logo-2021-RGB-336x280-1.png","width":336,"height":280,"caption":"DST-CHEMICALS"},"image":{"@id":"https:\/\/dstchemicals.com\/sv#\/schema\/logo\/image\/"},"sameAs":["https:\/\/www.facebook.com\/people\/DST-CHEMICALS-AS\/100069341983712\/","https:\/\/www.linkedin.com\/company\/dstchemicals\/"],"legalName":"DST-CHEMICALS A\/S","vatID":"DK10831237","numberOfEmployees":{"@type":"QuantitativeValue","minValue":"51","maxValue":"200"}}]}},"_links":{"self":[{"href":"https:\/\/dstchemicals.com\/sv\/wp-json\/wp\/v2\/pages\/19595","targetHints":{"allow":["GET"]}}],"collection":[{"href":"https:\/\/dstchemicals.com\/sv\/wp-json\/wp\/v2\/pages"}],"about":[{"href":"https:\/\/dstchemicals.com\/sv\/wp-json\/wp\/v2\/types\/page"}],"author":[{"embeddable":true,"href":"https:\/\/dstchemicals.com\/sv\/wp-json\/wp\/v2\/users\/4"}],"replies":[{"embeddable":true,"href":"https:\/\/dstchemicals.com\/sv\/wp-json\/wp\/v2\/comments?post=19595"}],"version-history":[{"count":2,"href":"https:\/\/dstchemicals.com\/sv\/wp-json\/wp\/v2\/pages\/19595\/revisions"}],"predecessor-version":[{"id":20887,"href":"https:\/\/dstchemicals.com\/sv\/wp-json\/wp\/v2\/pages\/19595\/revisions\/20887"}],"wp:attachment":[{"href":"https:\/\/dstchemicals.com\/sv\/wp-json\/wp\/v2\/media?parent=19595"}],"wp:term":[{"taxonomy":"page-template","embeddable":true,"href":"https:\/\/dstchemicals.com\/sv\/wp-json\/wp\/v2\/page-template?post=19595"}],"curies":[{"name":"wp","href":"https:\/\/api.w.org\/{rel}","templated":true}]}}