{"id":12305,"date":"2023-06-20T08:20:26","date_gmt":"2023-06-20T06:20:26","guid":{"rendered":"https:\/\/dstchemicals.com\/?page_id=12305"},"modified":"2024-11-19T07:49:58","modified_gmt":"2024-11-19T06:49:58","slug":"dakujem","status":"publish","type":"page","link":"https:\/\/dstchemicals.com\/sk\/dakujem","title":{"rendered":"\u010eakujem &#8211; thank you"},"content":{"rendered":"<h1>\n<h1 style=\"text-align: center;\">\u010eakujem v\u00e1m za va\u0161u spr\u00e1vu.<\/h1>\n<h3 style=\"text-align: center;\">\u010co najsk\u00f4r sa v\u00e1m ozveme.<\/h3>\n<\/h1>\n<div>\n<h3 style=\"text-align: center;\">K\u00fdm budete \u010daka\u0165, mo\u017eno bude pre v\u00e1s zauj\u00edmav\u00e9 vedie\u0165, \u010do si o n\u00e1s myslia na\u0161i z\u00e1kazn\u00edci<\/h3>\n<\/div>\n<p>\n    <a href=\"\/cases\/\">OBCHODN\u00c9 PR\u00cdPADY<\/a>\n<\/p>\n<p><!--more--><br \/>\n<!-- {\"type\":\"layout\",\"children\":[{\"type\":\"section\",\"props\":{\"animation\":\"fade\",\"animation_delay\":\"350\",\"height\":\"viewport\",\"height_offset_top\":true,\"height_viewport\":80,\"image_position\":\"center-center\",\"padding\":\"xlarge\",\"style\":\"default\",\"title_breakpoint\":\"xl\",\"title_position\":\"top-left\",\"title_rotation\":\"left\",\"vertical_align\":\"middle\",\"width\":\"default\"},\"children\":[{\"type\":\"row\",\"children\":[{\"type\":\"column\",\"props\":{\"image_position\":\"center-center\",\"position_sticky_breakpoint\":\"m\"},\"children\":[{\"type\":\"headline\",\"props\":{\"block_align\":\"center\",\"content\":\"\n\n<h1 style=\\\"text-align: center;\\\">\\u010eakujem v\\u00e1m za va\\u0161u spr\\u00e1vu.<\\\/h1>\\n\n\n<h3 style=\\\"text-align: center;\\\">\\u010co najsk\\u00f4r sa v\\u00e1m ozveme.<\\\/h3>\",\"margin\":\"large\",\"text_align\":\"center\",\"title_element\":\"h1\",\"title_style\":\"heading-small\"},\"name\":\"Centered large quote \\\/ text\"},{\"type\":\"text\",\"props\":{\"block_align\":\"center\",\"column_breakpoint\":\"m\",\"content\":\"\n\n<h3 style=\\\"text-align: center;\\\">K\\u00fdm budete \\u010daka\\u0165, mo\\u017eno bude pre v\\u00e1s zauj\\u00edmav\\u00e9 vedie\\u0165, \\u010do si o n\\u00e1s myslia na\\u0161i z\\u00e1kazn\\u00edci<\\\/h3>\",\"margin\":\"default\",\"maxwidth\":\"2xlarge\",\"text_align\":\"center\"}},{\"type\":\"button\",\"props\":{\"grid_column_gap\":\"small\",\"grid_row_gap\":\"small\",\"margin\":\"default\",\"text_align\":\"center\"},\"children\":[{\"type\":\"button_item\",\"props\":{\"button_style\":\"default\",\"content\":\"OBCHODN\\u00c9 PR\\u00cdPADY\",\"icon_align\":\"left\",\"link\":\"cases\\\/\"}}],\"name\":\"Centered button\"}]}]}],\"name\":\"Big text w\\\/button under\"}],\"version\":\"4.3.5\",\"yooessentialsVersion\":\"2.2.16\"} --><\/p>\n","protected":false},"excerpt":{"rendered":"<p>\u010eakujem v\u00e1m za va\u0161u spr\u00e1vu. \u010co najsk\u00f4r sa v\u00e1m ozveme. K\u00fdm budete \u010daka\u0165, mo\u017eno bude pre v\u00e1s zauj\u00edmav\u00e9 vedie\u0165, \u010do si o n\u00e1s myslia na\u0161i z\u00e1kazn\u00edci OBCHODN\u00c9 PR\u00cdPADY<\/p>\n","protected":false},"author":4,"featured_media":0,"parent":0,"menu_order":0,"comment_status":"closed","ping_status":"closed","template":"","meta":{"_acf_changed":false,"footnotes":""},"page-template":[],"class_list":["post-12305","page","type-page","status-publish","hentry"],"acf":[],"yoast_head":"<!-- This site is optimized with the Yoast SEO Premium plugin v27.4 (Yoast SEO v27.4) - https:\/\/yoast.com\/product\/yoast-seo-premium-wordpress\/ -->\n<title>\u010eakujem - thank you - DST-CHEMICALS<\/title>\n<meta name=\"robots\" content=\"noindex, nofollow\" \/>\n<meta property=\"og:locale\" content=\"sk_SK\" \/>\n<meta property=\"og:type\" content=\"article\" \/>\n<meta property=\"og:title\" content=\"\u010eakujem - thank you\" \/>\n<meta property=\"og:description\" content=\"\u010eakujem v\u00e1m za va\u0161u spr\u00e1vu. \u010co najsk\u00f4r sa v\u00e1m ozveme. K\u00fdm budete \u010daka\u0165, mo\u017eno bude pre v\u00e1s zauj\u00edmav\u00e9 vedie\u0165, \u010do si o n\u00e1s myslia na\u0161i z\u00e1kazn\u00edci OBCHODN\u00c9 PR\u00cdPADY\" \/>\n<meta property=\"og:url\" content=\"https:\/\/dstchemicals.com\/sk\/dakujem\" \/>\n<meta property=\"og:site_name\" content=\"DST-CHEMICALS\" \/>\n<meta property=\"article:publisher\" content=\"https:\/\/www.facebook.com\/people\/DST-CHEMICALS-AS\/100069341983712\/\" \/>\n<meta property=\"article:modified_time\" content=\"2024-11-19T06:49:58+00:00\" \/>\n<meta property=\"og:image\" content=\"https:\/\/dstchemicals.com\/wp-content\/uploads\/2023\/10\/Image-OFFICE-Get-to-Know-Us-with-Logo-OVAL.jpg\" \/>\n\t<meta property=\"og:image:width\" content=\"2560\" \/>\n\t<meta property=\"og:image:height\" content=\"1122\" \/>\n\t<meta property=\"og:image:type\" content=\"image\/jpeg\" \/>\n<meta name=\"twitter:card\" content=\"summary_large_image\" \/>\n<meta name=\"twitter:label1\" content=\"Predpokladan\u00fd \u010das \u010d\u00edtania\" \/>\n\t<meta name=\"twitter:data1\" content=\"1 min\u00fata\" \/>\n<script type=\"application\/ld+json\" class=\"yoast-schema-graph\">{\"@context\":\"https:\\\/\\\/schema.org\",\"@graph\":[{\"@type\":\"WebPage\",\"@id\":\"https:\\\/\\\/dstchemicals.com\\\/sk\\\/dakujem\",\"url\":\"https:\\\/\\\/dstchemicals.com\\\/sk\\\/dakujem\",\"name\":\"\u010eakujem - thank you - DST-CHEMICALS\",\"isPartOf\":{\"@id\":\"https:\\\/\\\/dstchemicals.com\\\/sk#website\"},\"datePublished\":\"2023-06-20T06:20:26+00:00\",\"dateModified\":\"2024-11-19T06:49:58+00:00\",\"breadcrumb\":{\"@id\":\"https:\\\/\\\/dstchemicals.com\\\/sk\\\/dakujem#breadcrumb\"},\"inLanguage\":\"sk-SK\",\"potentialAction\":[{\"@type\":\"ReadAction\",\"target\":[\"https:\\\/\\\/dstchemicals.com\\\/sk\\\/dakujem\"]}]},{\"@type\":\"BreadcrumbList\",\"@id\":\"https:\\\/\\\/dstchemicals.com\\\/sk\\\/dakujem#breadcrumb\",\"itemListElement\":[{\"@type\":\"ListItem\",\"position\":1,\"name\":\"Home\",\"item\":\"https:\\\/\\\/dstchemicals.com\\\/sk\"},{\"@type\":\"ListItem\",\"position\":2,\"name\":\"\u010eakujem &#8211; thank you\"}]},{\"@type\":\"WebSite\",\"@id\":\"https:\\\/\\\/dstchemicals.com\\\/sk#website\",\"url\":\"https:\\\/\\\/dstchemicals.com\\\/sk\",\"name\":\"DST-CHEMICALS\",\"description\":\"Cleaning is a question of chemistry\",\"publisher\":{\"@id\":\"https:\\\/\\\/dstchemicals.com\\\/sk#organization\"},\"alternateName\":\"DST\",\"potentialAction\":[{\"@type\":\"SearchAction\",\"target\":{\"@type\":\"EntryPoint\",\"urlTemplate\":\"https:\\\/\\\/dstchemicals.com\\\/sk?s={search_term_string}\"},\"query-input\":{\"@type\":\"PropertyValueSpecification\",\"valueRequired\":true,\"valueName\":\"search_term_string\"}}],\"inLanguage\":\"sk-SK\"},{\"@type\":\"Organization\",\"@id\":\"https:\\\/\\\/dstchemicals.com\\\/sk#organization\",\"name\":\"DST-CHEMICALS\",\"alternateName\":\"DST\",\"url\":\"https:\\\/\\\/dstchemicals.com\\\/sk\",\"logo\":{\"@type\":\"ImageObject\",\"inLanguage\":\"sk-SK\",\"@id\":\"https:\\\/\\\/dstchemicals.com\\\/sk#\\\/schema\\\/logo\\\/image\\\/\",\"url\":\"https:\\\/\\\/dstchemicals.com\\\/wp-content\\\/uploads\\\/2023\\\/02\\\/DST-CHEMICALS-Logo-2021-RGB-336x280-1.png\",\"contentUrl\":\"https:\\\/\\\/dstchemicals.com\\\/wp-content\\\/uploads\\\/2023\\\/02\\\/DST-CHEMICALS-Logo-2021-RGB-336x280-1.png\",\"width\":336,\"height\":280,\"caption\":\"DST-CHEMICALS\"},\"image\":{\"@id\":\"https:\\\/\\\/dstchemicals.com\\\/sk#\\\/schema\\\/logo\\\/image\\\/\"},\"sameAs\":[\"https:\\\/\\\/www.facebook.com\\\/people\\\/DST-CHEMICALS-AS\\\/100069341983712\\\/\",\"https:\\\/\\\/www.linkedin.com\\\/company\\\/dstchemicals\\\/\"],\"legalName\":\"DST-CHEMICALS A\\\/S\",\"vatID\":\"DK10831237\",\"numberOfEmployees\":{\"@type\":\"QuantitativeValue\",\"minValue\":\"51\",\"maxValue\":\"200\"}}]}<\/script>\n<!-- \/ Yoast SEO Premium plugin. -->","yoast_head_json":{"title":"\u010eakujem - thank you - DST-CHEMICALS","robots":{"index":"noindex","follow":"nofollow"},"og_locale":"sk_SK","og_type":"article","og_title":"\u010eakujem - thank you","og_description":"\u010eakujem v\u00e1m za va\u0161u spr\u00e1vu. \u010co najsk\u00f4r sa v\u00e1m ozveme. K\u00fdm budete \u010daka\u0165, mo\u017eno bude pre v\u00e1s zauj\u00edmav\u00e9 vedie\u0165, \u010do si o n\u00e1s myslia na\u0161i z\u00e1kazn\u00edci OBCHODN\u00c9 PR\u00cdPADY","og_url":"https:\/\/dstchemicals.com\/sk\/dakujem","og_site_name":"DST-CHEMICALS","article_publisher":"https:\/\/www.facebook.com\/people\/DST-CHEMICALS-AS\/100069341983712\/","article_modified_time":"2024-11-19T06:49:58+00:00","og_image":[{"width":2560,"height":1122,"url":"https:\/\/dstchemicals.com\/wp-content\/uploads\/2023\/10\/Image-OFFICE-Get-to-Know-Us-with-Logo-OVAL.jpg","type":"image\/jpeg"}],"twitter_card":"summary_large_image","twitter_misc":{"Predpokladan\u00fd \u010das \u010d\u00edtania":"1 min\u00fata"},"schema":{"@context":"https:\/\/schema.org","@graph":[{"@type":"WebPage","@id":"https:\/\/dstchemicals.com\/sk\/dakujem","url":"https:\/\/dstchemicals.com\/sk\/dakujem","name":"\u010eakujem - thank you - DST-CHEMICALS","isPartOf":{"@id":"https:\/\/dstchemicals.com\/sk#website"},"datePublished":"2023-06-20T06:20:26+00:00","dateModified":"2024-11-19T06:49:58+00:00","breadcrumb":{"@id":"https:\/\/dstchemicals.com\/sk\/dakujem#breadcrumb"},"inLanguage":"sk-SK","potentialAction":[{"@type":"ReadAction","target":["https:\/\/dstchemicals.com\/sk\/dakujem"]}]},{"@type":"BreadcrumbList","@id":"https:\/\/dstchemicals.com\/sk\/dakujem#breadcrumb","itemListElement":[{"@type":"ListItem","position":1,"name":"Home","item":"https:\/\/dstchemicals.com\/sk"},{"@type":"ListItem","position":2,"name":"\u010eakujem &#8211; thank you"}]},{"@type":"WebSite","@id":"https:\/\/dstchemicals.com\/sk#website","url":"https:\/\/dstchemicals.com\/sk","name":"DST-CHEMICALS","description":"Cleaning is a question of chemistry","publisher":{"@id":"https:\/\/dstchemicals.com\/sk#organization"},"alternateName":"DST","potentialAction":[{"@type":"SearchAction","target":{"@type":"EntryPoint","urlTemplate":"https:\/\/dstchemicals.com\/sk?s={search_term_string}"},"query-input":{"@type":"PropertyValueSpecification","valueRequired":true,"valueName":"search_term_string"}}],"inLanguage":"sk-SK"},{"@type":"Organization","@id":"https:\/\/dstchemicals.com\/sk#organization","name":"DST-CHEMICALS","alternateName":"DST","url":"https:\/\/dstchemicals.com\/sk","logo":{"@type":"ImageObject","inLanguage":"sk-SK","@id":"https:\/\/dstchemicals.com\/sk#\/schema\/logo\/image\/","url":"https:\/\/dstchemicals.com\/wp-content\/uploads\/2023\/02\/DST-CHEMICALS-Logo-2021-RGB-336x280-1.png","contentUrl":"https:\/\/dstchemicals.com\/wp-content\/uploads\/2023\/02\/DST-CHEMICALS-Logo-2021-RGB-336x280-1.png","width":336,"height":280,"caption":"DST-CHEMICALS"},"image":{"@id":"https:\/\/dstchemicals.com\/sk#\/schema\/logo\/image\/"},"sameAs":["https:\/\/www.facebook.com\/people\/DST-CHEMICALS-AS\/100069341983712\/","https:\/\/www.linkedin.com\/company\/dstchemicals\/"],"legalName":"DST-CHEMICALS A\/S","vatID":"DK10831237","numberOfEmployees":{"@type":"QuantitativeValue","minValue":"51","maxValue":"200"}}]}},"_links":{"self":[{"href":"https:\/\/dstchemicals.com\/sk\/wp-json\/wp\/v2\/pages\/12305","targetHints":{"allow":["GET"]}}],"collection":[{"href":"https:\/\/dstchemicals.com\/sk\/wp-json\/wp\/v2\/pages"}],"about":[{"href":"https:\/\/dstchemicals.com\/sk\/wp-json\/wp\/v2\/types\/page"}],"author":[{"embeddable":true,"href":"https:\/\/dstchemicals.com\/sk\/wp-json\/wp\/v2\/users\/4"}],"replies":[{"embeddable":true,"href":"https:\/\/dstchemicals.com\/sk\/wp-json\/wp\/v2\/comments?post=12305"}],"version-history":[{"count":4,"href":"https:\/\/dstchemicals.com\/sk\/wp-json\/wp\/v2\/pages\/12305\/revisions"}],"predecessor-version":[{"id":12683,"href":"https:\/\/dstchemicals.com\/sk\/wp-json\/wp\/v2\/pages\/12305\/revisions\/12683"}],"wp:attachment":[{"href":"https:\/\/dstchemicals.com\/sk\/wp-json\/wp\/v2\/media?parent=12305"}],"wp:term":[{"taxonomy":"page-template","embeddable":true,"href":"https:\/\/dstchemicals.com\/sk\/wp-json\/wp\/v2\/page-template?post=12305"}],"curies":[{"name":"wp","href":"https:\/\/api.w.org\/{rel}","templated":true}]}}