{"id":12301,"date":"2023-06-20T08:20:26","date_gmt":"2023-06-20T06:20:26","guid":{"rendered":"https:\/\/dstchemicals.com\/?page_id=12301"},"modified":"2024-09-18T09:33:30","modified_gmt":"2024-09-18T07:33:30","slug":"dziekujemy","status":"publish","type":"page","link":"https:\/\/dstchemicals.com\/pl\/dziekujemy","title":{"rendered":"Dzi\u0119kujemy &#8211; thank you"},"content":{"rendered":"<h1>\n<h1 style=\"text-align: center;\">Dzi\u0119kujemy za Twoj\u0105 wiadomo\u015b\u0107.<\/h1>\n<h3 style=\"text-align: center;\">Skontaktujemy si\u0119 z Tob\u0105 tak szybko, jak tylko to mo\u017cliwe.<\/h3>\n<\/h1>\n<div>\n<h3 style=\"text-align: center;\">Podczas oczekiwania interesuj\u0105cym dla Ciebie mo\u017ce by\u0107 zapoznanie si\u0119 z tym, co my\u015bl\u0105 o nas nasi klienci.<\/h3>\n<\/div>\n<p>\n    <a href=\"\/cases\/\">PRZYK\u0141ADY WDRO\u017bE\u0143<\/a>\n<\/p>\n<p><!--more--><br \/>\n<!-- {\"type\":\"layout\",\"children\":[{\"type\":\"section\",\"props\":{\"animation\":\"fade\",\"animation_delay\":\"350\",\"height\":\"viewport\",\"height_offset_top\":true,\"height_viewport\":80,\"image_position\":\"center-center\",\"padding\":\"xlarge\",\"style\":\"default\",\"title_breakpoint\":\"xl\",\"title_position\":\"top-left\",\"title_rotation\":\"left\",\"vertical_align\":\"middle\",\"width\":\"default\"},\"children\":[{\"type\":\"row\",\"children\":[{\"type\":\"column\",\"props\":{\"image_position\":\"center-center\",\"position_sticky_breakpoint\":\"m\"},\"children\":[{\"type\":\"headline\",\"props\":{\"block_align\":\"center\",\"content\":\"\n\n<h1 style=\\\"text-align: center;\\\">Dzi\\u0119kujemy za Twoj\\u0105 wiadomo\\u015b\\u0107.<\\\/h1>\\n\n\n<h3 style=\\\"text-align: center;\\\">Skontaktujemy si\\u0119 z Tob\\u0105 tak szybko, jak tylko to mo\\u017cliwe.<\\\/h3>\",\"margin\":\"large\",\"text_align\":\"center\",\"title_element\":\"h1\",\"title_style\":\"heading-small\"},\"name\":\"Centered large quote \\\/ text\"},{\"type\":\"text\",\"props\":{\"column_breakpoint\":\"m\",\"content\":\"\n\n<h3 style=\\\"text-align: center;\\\">Podczas oczekiwania interesuj\\u0105cym dla Ciebie mo\\u017ce by\\u0107 zapoznanie si\\u0119 z tym, co my\\u015bl\\u0105 o nas nasi klienci.<\\\/h3>\",\"margin\":\"default\"}},{\"type\":\"button\",\"props\":{\"grid_column_gap\":\"small\",\"grid_row_gap\":\"small\",\"margin\":\"default\",\"text_align\":\"center\"},\"children\":[{\"type\":\"button_item\",\"props\":{\"button_style\":\"default\",\"content\":\"PRZYK\\u0141ADY WDRO\\u017bE\\u0143\",\"icon_align\":\"left\",\"link\":\"cases\\\/\"}}],\"name\":\"Centered button\"}]}]}],\"name\":\"Big text w\\\/button under\"}],\"version\":\"4.3.5\",\"yooessentialsVersion\":\"2.2.14\"} --><\/p>\n","protected":false},"excerpt":{"rendered":"<p>Dzi\u0119kujemy za Twoj\u0105 wiadomo\u015b\u0107. Skontaktujemy si\u0119 z Tob\u0105 tak szybko, jak tylko to mo\u017cliwe. Podczas oczekiwania interesuj\u0105cym dla Ciebie mo\u017ce by\u0107 zapoznanie si\u0119 z tym, co my\u015bl\u0105 o nas nasi klienci. PRZYK\u0141ADY WDRO\u017bE\u0143<\/p>\n","protected":false},"author":4,"featured_media":0,"parent":0,"menu_order":0,"comment_status":"closed","ping_status":"closed","template":"","meta":{"_acf_changed":false,"footnotes":""},"page-template":[],"class_list":["post-12301","page","type-page","status-publish","hentry"],"acf":[],"yoast_head":"<!-- This site is optimized with the Yoast SEO Premium plugin v27.4 (Yoast SEO v27.4) - https:\/\/yoast.com\/product\/yoast-seo-premium-wordpress\/ -->\n<title>Dzi\u0119kujemy - thank you - DST-CHEMICALS<\/title>\n<meta name=\"robots\" content=\"noindex, nofollow\" \/>\n<meta property=\"og:locale\" content=\"pl_PL\" \/>\n<meta property=\"og:type\" content=\"article\" \/>\n<meta property=\"og:title\" content=\"Dzi\u0119kujemy - thank you\" \/>\n<meta property=\"og:description\" content=\"Dzi\u0119kujemy za Twoj\u0105 wiadomo\u015b\u0107. Skontaktujemy si\u0119 z Tob\u0105 tak szybko, jak tylko to mo\u017cliwe. Podczas oczekiwania interesuj\u0105cym dla Ciebie mo\u017ce by\u0107 zapoznanie si\u0119 z tym, co my\u015bl\u0105 o nas nasi klienci. PRZYK\u0141ADY WDRO\u017bE\u0143\" \/>\n<meta property=\"og:url\" content=\"https:\/\/dstchemicals.com\/pl\/dziekujemy\" \/>\n<meta property=\"og:site_name\" content=\"DST-CHEMICALS\" \/>\n<meta property=\"article:publisher\" content=\"https:\/\/www.facebook.com\/people\/DST-CHEMICALS-AS\/100069341983712\/\" \/>\n<meta property=\"article:modified_time\" content=\"2024-09-18T07:33:30+00:00\" \/>\n<meta property=\"og:image\" content=\"https:\/\/dstchemicals.com\/wp-content\/uploads\/2023\/10\/Image-OFFICE-Get-to-Know-Us-with-Logo-OVAL.jpg\" \/>\n\t<meta property=\"og:image:width\" content=\"2560\" \/>\n\t<meta property=\"og:image:height\" content=\"1122\" \/>\n\t<meta property=\"og:image:type\" content=\"image\/jpeg\" \/>\n<meta name=\"twitter:card\" content=\"summary_large_image\" \/>\n<meta name=\"twitter:label1\" content=\"Szacowany czas czytania\" \/>\n\t<meta name=\"twitter:data1\" content=\"1 minuta\" \/>\n<script type=\"application\/ld+json\" class=\"yoast-schema-graph\">{\"@context\":\"https:\\\/\\\/schema.org\",\"@graph\":[{\"@type\":\"WebPage\",\"@id\":\"https:\\\/\\\/dstchemicals.com\\\/pl\\\/dziekujemy\",\"url\":\"https:\\\/\\\/dstchemicals.com\\\/pl\\\/dziekujemy\",\"name\":\"Dzi\u0119kujemy - thank you - DST-CHEMICALS\",\"isPartOf\":{\"@id\":\"https:\\\/\\\/dstchemicals.com\\\/pl#website\"},\"datePublished\":\"2023-06-20T06:20:26+00:00\",\"dateModified\":\"2024-09-18T07:33:30+00:00\",\"breadcrumb\":{\"@id\":\"https:\\\/\\\/dstchemicals.com\\\/pl\\\/dziekujemy#breadcrumb\"},\"inLanguage\":\"pl-PL\",\"potentialAction\":[{\"@type\":\"ReadAction\",\"target\":[\"https:\\\/\\\/dstchemicals.com\\\/pl\\\/dziekujemy\"]}]},{\"@type\":\"BreadcrumbList\",\"@id\":\"https:\\\/\\\/dstchemicals.com\\\/pl\\\/dziekujemy#breadcrumb\",\"itemListElement\":[{\"@type\":\"ListItem\",\"position\":1,\"name\":\"Home\",\"item\":\"https:\\\/\\\/dstchemicals.com\\\/pl\"},{\"@type\":\"ListItem\",\"position\":2,\"name\":\"Dzi\u0119kujemy &#8211; thank you\"}]},{\"@type\":\"WebSite\",\"@id\":\"https:\\\/\\\/dstchemicals.com\\\/pl#website\",\"url\":\"https:\\\/\\\/dstchemicals.com\\\/pl\",\"name\":\"DST-CHEMICALS\",\"description\":\"Cleaning is a question of chemistry\",\"publisher\":{\"@id\":\"https:\\\/\\\/dstchemicals.com\\\/pl#organization\"},\"alternateName\":\"DST\",\"potentialAction\":[{\"@type\":\"SearchAction\",\"target\":{\"@type\":\"EntryPoint\",\"urlTemplate\":\"https:\\\/\\\/dstchemicals.com\\\/pl?s={search_term_string}\"},\"query-input\":{\"@type\":\"PropertyValueSpecification\",\"valueRequired\":true,\"valueName\":\"search_term_string\"}}],\"inLanguage\":\"pl-PL\"},{\"@type\":\"Organization\",\"@id\":\"https:\\\/\\\/dstchemicals.com\\\/pl#organization\",\"name\":\"DST-CHEMICALS\",\"alternateName\":\"DST\",\"url\":\"https:\\\/\\\/dstchemicals.com\\\/pl\",\"logo\":{\"@type\":\"ImageObject\",\"inLanguage\":\"pl-PL\",\"@id\":\"https:\\\/\\\/dstchemicals.com\\\/pl#\\\/schema\\\/logo\\\/image\\\/\",\"url\":\"https:\\\/\\\/dstchemicals.com\\\/wp-content\\\/uploads\\\/2023\\\/02\\\/DST-CHEMICALS-Logo-2021-RGB-336x280-1.png\",\"contentUrl\":\"https:\\\/\\\/dstchemicals.com\\\/wp-content\\\/uploads\\\/2023\\\/02\\\/DST-CHEMICALS-Logo-2021-RGB-336x280-1.png\",\"width\":336,\"height\":280,\"caption\":\"DST-CHEMICALS\"},\"image\":{\"@id\":\"https:\\\/\\\/dstchemicals.com\\\/pl#\\\/schema\\\/logo\\\/image\\\/\"},\"sameAs\":[\"https:\\\/\\\/www.facebook.com\\\/people\\\/DST-CHEMICALS-AS\\\/100069341983712\\\/\",\"https:\\\/\\\/www.linkedin.com\\\/company\\\/dstchemicals\\\/\"],\"legalName\":\"DST-CHEMICALS A\\\/S\",\"vatID\":\"DK10831237\",\"numberOfEmployees\":{\"@type\":\"QuantitativeValue\",\"minValue\":\"51\",\"maxValue\":\"200\"}}]}<\/script>\n<!-- \/ Yoast SEO Premium plugin. -->","yoast_head_json":{"title":"Dzi\u0119kujemy - thank you - DST-CHEMICALS","robots":{"index":"noindex","follow":"nofollow"},"og_locale":"pl_PL","og_type":"article","og_title":"Dzi\u0119kujemy - thank you","og_description":"Dzi\u0119kujemy za Twoj\u0105 wiadomo\u015b\u0107. Skontaktujemy si\u0119 z Tob\u0105 tak szybko, jak tylko to mo\u017cliwe. Podczas oczekiwania interesuj\u0105cym dla Ciebie mo\u017ce by\u0107 zapoznanie si\u0119 z tym, co my\u015bl\u0105 o nas nasi klienci. PRZYK\u0141ADY WDRO\u017bE\u0143","og_url":"https:\/\/dstchemicals.com\/pl\/dziekujemy","og_site_name":"DST-CHEMICALS","article_publisher":"https:\/\/www.facebook.com\/people\/DST-CHEMICALS-AS\/100069341983712\/","article_modified_time":"2024-09-18T07:33:30+00:00","og_image":[{"width":2560,"height":1122,"url":"https:\/\/dstchemicals.com\/wp-content\/uploads\/2023\/10\/Image-OFFICE-Get-to-Know-Us-with-Logo-OVAL.jpg","type":"image\/jpeg"}],"twitter_card":"summary_large_image","twitter_misc":{"Szacowany czas czytania":"1 minuta"},"schema":{"@context":"https:\/\/schema.org","@graph":[{"@type":"WebPage","@id":"https:\/\/dstchemicals.com\/pl\/dziekujemy","url":"https:\/\/dstchemicals.com\/pl\/dziekujemy","name":"Dzi\u0119kujemy - thank you - DST-CHEMICALS","isPartOf":{"@id":"https:\/\/dstchemicals.com\/pl#website"},"datePublished":"2023-06-20T06:20:26+00:00","dateModified":"2024-09-18T07:33:30+00:00","breadcrumb":{"@id":"https:\/\/dstchemicals.com\/pl\/dziekujemy#breadcrumb"},"inLanguage":"pl-PL","potentialAction":[{"@type":"ReadAction","target":["https:\/\/dstchemicals.com\/pl\/dziekujemy"]}]},{"@type":"BreadcrumbList","@id":"https:\/\/dstchemicals.com\/pl\/dziekujemy#breadcrumb","itemListElement":[{"@type":"ListItem","position":1,"name":"Home","item":"https:\/\/dstchemicals.com\/pl"},{"@type":"ListItem","position":2,"name":"Dzi\u0119kujemy &#8211; thank you"}]},{"@type":"WebSite","@id":"https:\/\/dstchemicals.com\/pl#website","url":"https:\/\/dstchemicals.com\/pl","name":"DST-CHEMICALS","description":"Cleaning is a question of chemistry","publisher":{"@id":"https:\/\/dstchemicals.com\/pl#organization"},"alternateName":"DST","potentialAction":[{"@type":"SearchAction","target":{"@type":"EntryPoint","urlTemplate":"https:\/\/dstchemicals.com\/pl?s={search_term_string}"},"query-input":{"@type":"PropertyValueSpecification","valueRequired":true,"valueName":"search_term_string"}}],"inLanguage":"pl-PL"},{"@type":"Organization","@id":"https:\/\/dstchemicals.com\/pl#organization","name":"DST-CHEMICALS","alternateName":"DST","url":"https:\/\/dstchemicals.com\/pl","logo":{"@type":"ImageObject","inLanguage":"pl-PL","@id":"https:\/\/dstchemicals.com\/pl#\/schema\/logo\/image\/","url":"https:\/\/dstchemicals.com\/wp-content\/uploads\/2023\/02\/DST-CHEMICALS-Logo-2021-RGB-336x280-1.png","contentUrl":"https:\/\/dstchemicals.com\/wp-content\/uploads\/2023\/02\/DST-CHEMICALS-Logo-2021-RGB-336x280-1.png","width":336,"height":280,"caption":"DST-CHEMICALS"},"image":{"@id":"https:\/\/dstchemicals.com\/pl#\/schema\/logo\/image\/"},"sameAs":["https:\/\/www.facebook.com\/people\/DST-CHEMICALS-AS\/100069341983712\/","https:\/\/www.linkedin.com\/company\/dstchemicals\/"],"legalName":"DST-CHEMICALS A\/S","vatID":"DK10831237","numberOfEmployees":{"@type":"QuantitativeValue","minValue":"51","maxValue":"200"}}]}},"_links":{"self":[{"href":"https:\/\/dstchemicals.com\/pl\/wp-json\/wp\/v2\/pages\/12301","targetHints":{"allow":["GET"]}}],"collection":[{"href":"https:\/\/dstchemicals.com\/pl\/wp-json\/wp\/v2\/pages"}],"about":[{"href":"https:\/\/dstchemicals.com\/pl\/wp-json\/wp\/v2\/types\/page"}],"author":[{"embeddable":true,"href":"https:\/\/dstchemicals.com\/pl\/wp-json\/wp\/v2\/users\/4"}],"replies":[{"embeddable":true,"href":"https:\/\/dstchemicals.com\/pl\/wp-json\/wp\/v2\/comments?post=12301"}],"version-history":[{"count":2,"href":"https:\/\/dstchemicals.com\/pl\/wp-json\/wp\/v2\/pages\/12301\/revisions"}],"predecessor-version":[{"id":12303,"href":"https:\/\/dstchemicals.com\/pl\/wp-json\/wp\/v2\/pages\/12301\/revisions\/12303"}],"wp:attachment":[{"href":"https:\/\/dstchemicals.com\/pl\/wp-json\/wp\/v2\/media?parent=12301"}],"wp:term":[{"taxonomy":"page-template","embeddable":true,"href":"https:\/\/dstchemicals.com\/pl\/wp-json\/wp\/v2\/page-template?post=12301"}],"curies":[{"name":"wp","href":"https:\/\/api.w.org\/{rel}","templated":true}]}}