{"id":5319,"date":"2023-04-21T14:26:05","date_gmt":"2023-04-21T12:26:05","guid":{"rendered":"https:\/\/dstchemicals.com\/?page_id=5319"},"modified":"2024-07-08T08:36:07","modified_gmt":"2024-07-08T06:36:07","slug":"impressum","status":"publish","type":"page","link":"https:\/\/dstchemicals.com\/de\/impressum","title":{"rendered":"Impressum"},"content":{"rendered":"<div>\n<h1>Impressum<\/h1>\n<p>f\u00fcr DST-CHEMICALS GmbH<\/p>\n<\/div>\n<div>\n<p>DST-CHEMICALS GmbH<br \/>Ruhnmark 11<br \/>24975 Maasb\u00fcll<\/p>\n<p>Telefon: 0800 183 0335<br \/>E-Mail: info@dstchemicals.com<\/p>\n<p>Gesch\u00e4ftsf\u00fchrer:<br \/>Jacob Funk<\/p>\n<p>Sitz der Gesellschaft: <br \/>Maasb\u00fcll<\/p>\n<p>Amtsgericht: <br \/>Amtsgericht Flensburg <br \/>HRB 4615 FL<\/p>\n<p>Umsatzsteuergesetz:<br \/>DE812342702<\/p>\n<p>Verantwortlich f\u00fcr den Inhalt nach \u00a7 55 Abs. 2 RStV:<br \/>Jacob Funk<\/p>\n<\/div>\n<h1>\n<h3 class=\"el-title uk-h1 uk-margin-top uk-margin-remove-bottom\" style=\"text-align: center;\">Hinterlassen Sie einen positiven Fu\u00dfabdruck mit umweltfreundlichen Industriereinigern<\/h3>\n<\/h1>\n<p><!--more--><br \/>\n<!-- {\"type\":\"layout\",\"children\":[{\"type\":\"section\",\"props\":{\"animation\":\"fade\",\"animation_delay\":\"250\",\"header_transparent\":true,\"header_transparent_text_color\":\"dark\",\"image_position\":\"center-right\",\"overlap\":false,\"padding\":\"xlarge\",\"padding_remove_bottom\":true,\"style\":\"muted\",\"title_breakpoint\":\"xl\",\"title_position\":\"top-left\",\"title_rotation\":\"left\",\"vertical_align\":\"bottom\",\"width\":\"\"},\"children\":[{\"type\":\"row\",\"props\":{\"layout\":\"4-5,1-5\",\"width\":\"default\"},\"children\":[{\"type\":\"column\",\"props\":{\"image_position\":\"center-center\",\"position_sticky_breakpoint\":\"m\",\"width_medium\":\"4-5\"},\"children\":[{\"type\":\"panel\",\"props\":{\"content\":\"\",\"content_column_breakpoint\":\"m\",\"icon_width\":80,\"image\":\"\",\"image_align\":\"top\",\"image_grid_breakpoint\":\"m\",\"image_grid_width\":\"1-2\",\"image_svg_color\":\"emphasis\",\"image_width\":\"300\",\"link_margin\":\"medium\",\"link_style\":\"default\",\"link_text\":\"See how we help\",\"margin\":\"default\",\"meta\":\"f\\u00fcr DST-CHEMICALS GmbH\",\"meta_align\":\"below-title\",\"meta_element\":\"div\",\"meta_style\":\"text-meta\",\"title\":\"Impressum\",\"title_align\":\"top\",\"title_element\":\"h1\",\"title_grid_breakpoint\":\"m\",\"title_grid_width\":\"1-2\",\"title_hover_style\":\"reset\",\"title_style\":\"heading-medium\",\"yooessentials_access_conditions\":[],\"yooessentials_access_mode\":\"AND\"}}]},{\"type\":\"column\",\"props\":{\"image_position\":\"center-center\",\"position_sticky_breakpoint\":\"m\",\"width_medium\":\"1-5\"}}]}],\"name\":\"Hero\"},{\"type\":\"section\",\"props\":{\"image_position\":\"center-center\",\"style\":\"default\",\"title_breakpoint\":\"xl\",\"title_position\":\"top-left\",\"title_rotation\":\"left\",\"vertical_align\":\"middle\",\"width\":\"default\"},\"children\":[{\"type\":\"row\",\"children\":[{\"type\":\"column\",\"props\":{\"image_position\":\"center-center\",\"position_sticky_breakpoint\":\"m\"},\"children\":[{\"type\":\"text\",\"props\":{\"column_breakpoint\":\"m\",\"content\":\"\n\n<p>DST-CHEMICALS GmbH<br \\\/>Ruhnmark 11<br \\\/>24975 Maasb\\u00fcll<\\\/p>\\n\n\n<p>Telefon: 0800 183 0335<br \\\/>E-Mail: info@dstchemicals.com<\\\/p>\\n\n\n<p>Gesch\\u00e4ftsf\\u00fchrer:<br \\\/>Jacob Funk<\\\/p>\\n\n\n<p>Sitz der Gesellschaft: <br \\\/>Maasb\\u00fcll<\\\/p>\\n\n\n<p>Amtsgericht: <br \\\/>Amtsgericht Flensburg <br \\\/>HRB 4615 FL<\\\/p>\\n\n\n<p>Umsatzsteuergesetz:<br \\\/>DE812342702<\\\/p>\\n\n\n<p>Verantwortlich f\\u00fcr den Inhalt nach \\u00a7 55 Abs. 2 RStV:<br \\\/>Jacob Funk<\\\/p>\",\"margin\":\"default\"}}]}]}]},{\"type\":\"section\",\"props\":{\"image_position\":\"center-center\",\"padding\":\"large\",\"style\":\"muted\",\"title_breakpoint\":\"xl\",\"title_position\":\"top-left\",\"title_rotation\":\"left\",\"vertical_align\":\"middle\",\"width\":\"default\"},\"children\":[{\"type\":\"row\",\"children\":[{\"type\":\"column\",\"props\":{\"image_position\":\"center-center\",\"position_sticky_breakpoint\":\"m\"},\"children\":[{\"type\":\"headline\",\"props\":{\"block_align\":\"center\",\"content\":\"\n\n<h3 class=\\\"el-title uk-h1 uk-margin-top uk-margin-remove-bottom\\\" style=\\\"text-align: center;\\\">Hinterlassen Sie einen positiven Fu\\u00dfabdruck mit umweltfreundlichen Industriereinigern<\\\/h3>\",\"text_align\":\"center\",\"title_element\":\"h1\",\"title_style\":\"heading-small\"},\"name\":\"Centered large quote \\\/ text\"}]}]}]},{\"type\":\"section\",\"props\":{\"height\":\"section\",\"image\":\"https:\\\/\\\/images.unsplash.com\\\/photo-1542273917363-3b1817f69a2d?ixlib=rb-4.0.3&ixid=MnwxMjA3fDB8MHxzZWFyY2h8MTF8fGZvcmVzdHxlbnwwfHwwfHw%3D&w=1000&q=80\",\"image_effect\":\"fixed\",\"image_position\":\"center-center\",\"image_size\":\"cover\",\"image_width\":\"2400\",\"padding\":\"xlarge\",\"style\":\"default\",\"title_breakpoint\":\"xl\",\"title_position\":\"top-left\",\"title_rotation\":\"left\",\"vertical_align\":\"middle\",\"width\":\"default\"},\"children\":[{\"type\":\"row\",\"children\":[{\"type\":\"column\",\"props\":{\"image_position\":\"center-center\",\"position_sticky_breakpoint\":\"m\"}}]}],\"name\":\"Full background image\"}],\"version\":\"4.3.5\",\"yooessentialsVersion\":\"2.2.14\"} --><\/p>\n","protected":false},"excerpt":{"rendered":"<p>Impressum f\u00fcr DST-CHEMICALS GmbH DST-CHEMICALS GmbHRuhnmark 1124975 Maasb\u00fcll Telefon: 0800 183 0335E-Mail: info@dstchemicals.com Gesch\u00e4ftsf\u00fchrer:Jacob Funk Sitz der Gesellschaft: Maasb\u00fcll Amtsgericht: Amtsgericht Flensburg HRB 4615 FL Umsatzsteuergesetz:DE812342702 Verantwortlich f\u00fcr den Inhalt nach \u00a7 55 Abs. 2 RStV:Jacob Funk Hinterlassen Sie einen positiven Fu\u00dfabdruck mit umweltfreundlichen Industriereinigern<\/p>\n","protected":false},"author":4,"featured_media":0,"parent":0,"menu_order":0,"comment_status":"closed","ping_status":"closed","template":"","meta":{"_acf_changed":false,"footnotes":""},"page-template":[],"class_list":["post-5319","page","type-page","status-publish","hentry"],"acf":[],"yoast_head":"<!-- This site is optimized with the Yoast SEO Premium plugin v27.2 (Yoast SEO v27.2) - https:\/\/yoast.com\/product\/yoast-seo-premium-wordpress\/ -->\n<title>Impressum - DST-CHEMICALS<\/title>\n<meta name=\"description\" content=\"Impressum von DST-CHEMICALS | Sehen Sie sich die Name, Anschrift und Kontaktdaten an.\" \/>\n<meta name=\"robots\" content=\"index, follow, max-snippet:-1, max-image-preview:large, max-video-preview:-1\" \/>\n<link rel=\"canonical\" href=\"https:\/\/dstchemicals.com\/de\/impressum\" \/>\n<meta property=\"og:locale\" content=\"de_DE\" \/>\n<meta property=\"og:type\" content=\"article\" \/>\n<meta property=\"og:title\" content=\"Impressum\" \/>\n<meta property=\"og:description\" content=\"Impressum von DST-CHEMICALS | Sehen Sie sich die Name, Anschrift und Kontaktdaten an.\" \/>\n<meta property=\"og:url\" content=\"https:\/\/dstchemicals.com\/de\/impressum\" \/>\n<meta property=\"og:site_name\" content=\"DST-CHEMICALS\" \/>\n<meta property=\"article:publisher\" content=\"https:\/\/www.facebook.com\/people\/DST-CHEMICALS-AS\/100069341983712\/\" \/>\n<meta property=\"article:modified_time\" content=\"2024-07-08T06:36:07+00:00\" \/>\n<meta property=\"og:image\" content=\"https:\/\/dstchemicals.com\/wp-content\/uploads\/2023\/10\/Image-OFFICE-Get-to-Know-Us-with-Logo-OVAL.jpg\" \/>\n\t<meta property=\"og:image:width\" content=\"2560\" \/>\n\t<meta property=\"og:image:height\" content=\"1122\" \/>\n\t<meta property=\"og:image:type\" content=\"image\/jpeg\" \/>\n<meta name=\"twitter:card\" content=\"summary_large_image\" \/>\n<script type=\"application\/ld+json\" class=\"yoast-schema-graph\">{\"@context\":\"https:\/\/schema.org\",\"@graph\":[{\"@type\":\"WebPage\",\"@id\":\"https:\/\/dstchemicals.com\/de\/impressum\",\"url\":\"https:\/\/dstchemicals.com\/de\/impressum\",\"name\":\"Impressum - DST-CHEMICALS\",\"isPartOf\":{\"@id\":\"https:\/\/dstchemicals.com\/de#website\"},\"datePublished\":\"2023-04-21T12:26:05+00:00\",\"dateModified\":\"2024-07-08T06:36:07+00:00\",\"description\":\"Impressum von DST-CHEMICALS | Sehen Sie sich die Name, Anschrift und Kontaktdaten an.\",\"breadcrumb\":{\"@id\":\"https:\/\/dstchemicals.com\/de\/impressum#breadcrumb\"},\"inLanguage\":\"de\",\"potentialAction\":[{\"@type\":\"ReadAction\",\"target\":[\"https:\/\/dstchemicals.com\/de\/impressum\"]}]},{\"@type\":\"BreadcrumbList\",\"@id\":\"https:\/\/dstchemicals.com\/de\/impressum#breadcrumb\",\"itemListElement\":[{\"@type\":\"ListItem\",\"position\":1,\"name\":\"Home\",\"item\":\"https:\/\/dstchemicals.com\/de\"},{\"@type\":\"ListItem\",\"position\":2,\"name\":\"Impressum\"}]},{\"@type\":\"WebSite\",\"@id\":\"https:\/\/dstchemicals.com\/de#website\",\"url\":\"https:\/\/dstchemicals.com\/de\",\"name\":\"DST-CHEMICALS\",\"description\":\"Cleaning is a question of chemistry\",\"publisher\":{\"@id\":\"https:\/\/dstchemicals.com\/de#organization\"},\"alternateName\":\"DST\",\"potentialAction\":[{\"@type\":\"SearchAction\",\"target\":{\"@type\":\"EntryPoint\",\"urlTemplate\":\"https:\/\/dstchemicals.com\/de?s={search_term_string}\"},\"query-input\":{\"@type\":\"PropertyValueSpecification\",\"valueRequired\":true,\"valueName\":\"search_term_string\"}}],\"inLanguage\":\"de\"},{\"@type\":\"Organization\",\"@id\":\"https:\/\/dstchemicals.com\/de#organization\",\"name\":\"DST-CHEMICALS\",\"alternateName\":\"DST\",\"url\":\"https:\/\/dstchemicals.com\/de\",\"logo\":{\"@type\":\"ImageObject\",\"inLanguage\":\"de\",\"@id\":\"https:\/\/dstchemicals.com\/de#\/schema\/logo\/image\/\",\"url\":\"https:\/\/dstchemicals.com\/wp-content\/uploads\/2023\/02\/DST-CHEMICALS-Logo-2021-RGB-336x280-1.png\",\"contentUrl\":\"https:\/\/dstchemicals.com\/wp-content\/uploads\/2023\/02\/DST-CHEMICALS-Logo-2021-RGB-336x280-1.png\",\"width\":336,\"height\":280,\"caption\":\"DST-CHEMICALS\"},\"image\":{\"@id\":\"https:\/\/dstchemicals.com\/de#\/schema\/logo\/image\/\"},\"sameAs\":[\"https:\/\/www.facebook.com\/people\/DST-CHEMICALS-AS\/100069341983712\/\",\"https:\/\/www.linkedin.com\/company\/dstchemicals\/\"],\"legalName\":\"DST-CHEMICALS A\/S\",\"vatID\":\"DK10831237\",\"numberOfEmployees\":{\"@type\":\"QuantitativeValue\",\"minValue\":\"51\",\"maxValue\":\"200\"}}]}<\/script>\n<!-- \/ Yoast SEO Premium plugin. -->","yoast_head_json":{"title":"Impressum - DST-CHEMICALS","description":"Impressum von DST-CHEMICALS | Sehen Sie sich die Name, Anschrift und Kontaktdaten an.","robots":{"index":"index","follow":"follow","max-snippet":"max-snippet:-1","max-image-preview":"max-image-preview:large","max-video-preview":"max-video-preview:-1"},"canonical":"https:\/\/dstchemicals.com\/de\/impressum","og_locale":"de_DE","og_type":"article","og_title":"Impressum","og_description":"Impressum von DST-CHEMICALS | Sehen Sie sich die Name, Anschrift und Kontaktdaten an.","og_url":"https:\/\/dstchemicals.com\/de\/impressum","og_site_name":"DST-CHEMICALS","article_publisher":"https:\/\/www.facebook.com\/people\/DST-CHEMICALS-AS\/100069341983712\/","article_modified_time":"2024-07-08T06:36:07+00:00","og_image":[{"width":2560,"height":1122,"url":"https:\/\/dstchemicals.com\/wp-content\/uploads\/2023\/10\/Image-OFFICE-Get-to-Know-Us-with-Logo-OVAL.jpg","type":"image\/jpeg"}],"twitter_card":"summary_large_image","schema":{"@context":"https:\/\/schema.org","@graph":[{"@type":"WebPage","@id":"https:\/\/dstchemicals.com\/de\/impressum","url":"https:\/\/dstchemicals.com\/de\/impressum","name":"Impressum - DST-CHEMICALS","isPartOf":{"@id":"https:\/\/dstchemicals.com\/de#website"},"datePublished":"2023-04-21T12:26:05+00:00","dateModified":"2024-07-08T06:36:07+00:00","description":"Impressum von DST-CHEMICALS | Sehen Sie sich die Name, Anschrift und Kontaktdaten an.","breadcrumb":{"@id":"https:\/\/dstchemicals.com\/de\/impressum#breadcrumb"},"inLanguage":"de","potentialAction":[{"@type":"ReadAction","target":["https:\/\/dstchemicals.com\/de\/impressum"]}]},{"@type":"BreadcrumbList","@id":"https:\/\/dstchemicals.com\/de\/impressum#breadcrumb","itemListElement":[{"@type":"ListItem","position":1,"name":"Home","item":"https:\/\/dstchemicals.com\/de"},{"@type":"ListItem","position":2,"name":"Impressum"}]},{"@type":"WebSite","@id":"https:\/\/dstchemicals.com\/de#website","url":"https:\/\/dstchemicals.com\/de","name":"DST-CHEMICALS","description":"Cleaning is a question of chemistry","publisher":{"@id":"https:\/\/dstchemicals.com\/de#organization"},"alternateName":"DST","potentialAction":[{"@type":"SearchAction","target":{"@type":"EntryPoint","urlTemplate":"https:\/\/dstchemicals.com\/de?s={search_term_string}"},"query-input":{"@type":"PropertyValueSpecification","valueRequired":true,"valueName":"search_term_string"}}],"inLanguage":"de"},{"@type":"Organization","@id":"https:\/\/dstchemicals.com\/de#organization","name":"DST-CHEMICALS","alternateName":"DST","url":"https:\/\/dstchemicals.com\/de","logo":{"@type":"ImageObject","inLanguage":"de","@id":"https:\/\/dstchemicals.com\/de#\/schema\/logo\/image\/","url":"https:\/\/dstchemicals.com\/wp-content\/uploads\/2023\/02\/DST-CHEMICALS-Logo-2021-RGB-336x280-1.png","contentUrl":"https:\/\/dstchemicals.com\/wp-content\/uploads\/2023\/02\/DST-CHEMICALS-Logo-2021-RGB-336x280-1.png","width":336,"height":280,"caption":"DST-CHEMICALS"},"image":{"@id":"https:\/\/dstchemicals.com\/de#\/schema\/logo\/image\/"},"sameAs":["https:\/\/www.facebook.com\/people\/DST-CHEMICALS-AS\/100069341983712\/","https:\/\/www.linkedin.com\/company\/dstchemicals\/"],"legalName":"DST-CHEMICALS A\/S","vatID":"DK10831237","numberOfEmployees":{"@type":"QuantitativeValue","minValue":"51","maxValue":"200"}}]}},"_links":{"self":[{"href":"https:\/\/dstchemicals.com\/de\/wp-json\/wp\/v2\/pages\/5319","targetHints":{"allow":["GET"]}}],"collection":[{"href":"https:\/\/dstchemicals.com\/de\/wp-json\/wp\/v2\/pages"}],"about":[{"href":"https:\/\/dstchemicals.com\/de\/wp-json\/wp\/v2\/types\/page"}],"author":[{"embeddable":true,"href":"https:\/\/dstchemicals.com\/de\/wp-json\/wp\/v2\/users\/4"}],"replies":[{"embeddable":true,"href":"https:\/\/dstchemicals.com\/de\/wp-json\/wp\/v2\/comments?post=5319"}],"version-history":[{"count":1,"href":"https:\/\/dstchemicals.com\/de\/wp-json\/wp\/v2\/pages\/5319\/revisions"}],"predecessor-version":[{"id":12296,"href":"https:\/\/dstchemicals.com\/de\/wp-json\/wp\/v2\/pages\/5319\/revisions\/12296"}],"wp:attachment":[{"href":"https:\/\/dstchemicals.com\/de\/wp-json\/wp\/v2\/media?parent=5319"}],"wp:term":[{"taxonomy":"page-template","embeddable":true,"href":"https:\/\/dstchemicals.com\/de\/wp-json\/wp\/v2\/page-template?post=5319"}],"curies":[{"name":"wp","href":"https:\/\/api.w.org\/{rel}","templated":true}]}}