{"id":4760,"date":"2022-10-12T10:27:24","date_gmt":"2022-10-12T08:27:24","guid":{"rendered":"https:\/\/dstchemicals.com\/about-us\/"},"modified":"2023-06-14T08:23:57","modified_gmt":"2023-06-14T06:23:57","slug":"uber-uns","status":"publish","type":"page","link":"https:\/\/dstchemicals.com\/de\/uber-uns","title":{"rendered":"\u00dcber uns"},"content":{"rendered":"","protected":false},"excerpt":{"rendered":"","protected":false},"author":4,"featured_media":0,"parent":0,"menu_order":0,"comment_status":"closed","ping_status":"closed","template":"","meta":{"_acf_changed":false,"footnotes":""},"page-template":[],"class_list":["post-4760","page","type-page","status-publish","hentry"],"acf":[],"yoast_head":"<!-- This site is optimized with the Yoast SEO Premium plugin v27.4 (Yoast SEO v27.4) - https:\/\/yoast.com\/product\/yoast-seo-premium-wordpress\/ -->\n<title>\u00dcber uns - DST-CHEMICALS<\/title>\n<meta name=\"description\" content=\"Lesen Sie mehr \u00fcber uns und unsere Mission, wie Sie mit unseren industriellen Reinigungsl\u00f6sungen Kosten senken und Energie sparen k\u00f6nnen\" \/>\n<meta name=\"robots\" content=\"index, follow, max-snippet:-1, max-image-preview:large, max-video-preview:-1\" \/>\n<link rel=\"canonical\" href=\"https:\/\/dstchemicals.com\/de\/uber-uns\" \/>\n<meta property=\"og:locale\" content=\"de_DE\" \/>\n<meta property=\"og:type\" content=\"article\" \/>\n<meta property=\"og:title\" content=\"\u00dcber uns\" \/>\n<meta property=\"og:description\" content=\"Lesen Sie mehr \u00fcber uns und unsere Mission, wie Sie mit unseren industriellen Reinigungsl\u00f6sungen Kosten senken und Energie sparen k\u00f6nnen\" \/>\n<meta property=\"og:url\" content=\"https:\/\/dstchemicals.com\/de\/uber-uns\" \/>\n<meta property=\"og:site_name\" content=\"DST-CHEMICALS\" \/>\n<meta property=\"article:publisher\" content=\"https:\/\/www.facebook.com\/people\/DST-CHEMICALS-AS\/100069341983712\/\" \/>\n<meta property=\"article:modified_time\" content=\"2023-06-14T06:23:57+00:00\" \/>\n<meta property=\"og:image\" content=\"https:\/\/dstchemicals.com\/wp-content\/uploads\/2023\/10\/Image-OFFICE-Get-to-Know-Us-with-Logo-OVAL.jpg\" \/>\n\t<meta property=\"og:image:width\" content=\"2560\" \/>\n\t<meta property=\"og:image:height\" content=\"1122\" \/>\n\t<meta property=\"og:image:type\" content=\"image\/jpeg\" \/>\n<meta name=\"twitter:card\" content=\"summary_large_image\" \/>\n<script type=\"application\/ld+json\" class=\"yoast-schema-graph\">{\"@context\":\"https:\\\/\\\/schema.org\",\"@graph\":[{\"@type\":\"WebPage\",\"@id\":\"https:\\\/\\\/dstchemicals.com\\\/de\\\/uber-uns\",\"url\":\"https:\\\/\\\/dstchemicals.com\\\/de\\\/uber-uns\",\"name\":\"\u00dcber uns - DST-CHEMICALS\",\"isPartOf\":{\"@id\":\"https:\\\/\\\/dstchemicals.com\\\/de#website\"},\"datePublished\":\"2022-10-12T08:27:24+00:00\",\"dateModified\":\"2023-06-14T06:23:57+00:00\",\"description\":\"Lesen Sie mehr \u00fcber uns und unsere Mission, wie Sie mit unseren industriellen Reinigungsl\u00f6sungen Kosten senken und Energie sparen k\u00f6nnen\",\"breadcrumb\":{\"@id\":\"https:\\\/\\\/dstchemicals.com\\\/de\\\/uber-uns#breadcrumb\"},\"inLanguage\":\"de\",\"potentialAction\":[{\"@type\":\"ReadAction\",\"target\":[\"https:\\\/\\\/dstchemicals.com\\\/de\\\/uber-uns\"]}]},{\"@type\":\"BreadcrumbList\",\"@id\":\"https:\\\/\\\/dstchemicals.com\\\/de\\\/uber-uns#breadcrumb\",\"itemListElement\":[{\"@type\":\"ListItem\",\"position\":1,\"name\":\"Home\",\"item\":\"https:\\\/\\\/dstchemicals.com\\\/de\"},{\"@type\":\"ListItem\",\"position\":2,\"name\":\"\u00dcber uns\"}]},{\"@type\":\"WebSite\",\"@id\":\"https:\\\/\\\/dstchemicals.com\\\/de#website\",\"url\":\"https:\\\/\\\/dstchemicals.com\\\/de\",\"name\":\"DST-CHEMICALS\",\"description\":\"Cleaning is a question of chemistry\",\"publisher\":{\"@id\":\"https:\\\/\\\/dstchemicals.com\\\/de#organization\"},\"alternateName\":\"DST\",\"potentialAction\":[{\"@type\":\"SearchAction\",\"target\":{\"@type\":\"EntryPoint\",\"urlTemplate\":\"https:\\\/\\\/dstchemicals.com\\\/de?s={search_term_string}\"},\"query-input\":{\"@type\":\"PropertyValueSpecification\",\"valueRequired\":true,\"valueName\":\"search_term_string\"}}],\"inLanguage\":\"de\"},{\"@type\":\"Organization\",\"@id\":\"https:\\\/\\\/dstchemicals.com\\\/de#organization\",\"name\":\"DST-CHEMICALS\",\"alternateName\":\"DST\",\"url\":\"https:\\\/\\\/dstchemicals.com\\\/de\",\"logo\":{\"@type\":\"ImageObject\",\"inLanguage\":\"de\",\"@id\":\"https:\\\/\\\/dstchemicals.com\\\/de#\\\/schema\\\/logo\\\/image\\\/\",\"url\":\"https:\\\/\\\/dstchemicals.com\\\/wp-content\\\/uploads\\\/2023\\\/02\\\/DST-CHEMICALS-Logo-2021-RGB-336x280-1.png\",\"contentUrl\":\"https:\\\/\\\/dstchemicals.com\\\/wp-content\\\/uploads\\\/2023\\\/02\\\/DST-CHEMICALS-Logo-2021-RGB-336x280-1.png\",\"width\":336,\"height\":280,\"caption\":\"DST-CHEMICALS\"},\"image\":{\"@id\":\"https:\\\/\\\/dstchemicals.com\\\/de#\\\/schema\\\/logo\\\/image\\\/\"},\"sameAs\":[\"https:\\\/\\\/www.facebook.com\\\/people\\\/DST-CHEMICALS-AS\\\/100069341983712\\\/\",\"https:\\\/\\\/www.linkedin.com\\\/company\\\/dstchemicals\\\/\"],\"legalName\":\"DST-CHEMICALS A\\\/S\",\"vatID\":\"DK10831237\",\"numberOfEmployees\":{\"@type\":\"QuantitativeValue\",\"minValue\":\"51\",\"maxValue\":\"200\"}}]}<\/script>\n<!-- \/ Yoast SEO Premium plugin. -->","yoast_head_json":{"title":"\u00dcber uns - DST-CHEMICALS","description":"Lesen Sie mehr \u00fcber uns und unsere Mission, wie Sie mit unseren industriellen Reinigungsl\u00f6sungen Kosten senken und Energie sparen k\u00f6nnen","robots":{"index":"index","follow":"follow","max-snippet":"max-snippet:-1","max-image-preview":"max-image-preview:large","max-video-preview":"max-video-preview:-1"},"canonical":"https:\/\/dstchemicals.com\/de\/uber-uns","og_locale":"de_DE","og_type":"article","og_title":"\u00dcber uns","og_description":"Lesen Sie mehr \u00fcber uns und unsere Mission, wie Sie mit unseren industriellen Reinigungsl\u00f6sungen Kosten senken und Energie sparen k\u00f6nnen","og_url":"https:\/\/dstchemicals.com\/de\/uber-uns","og_site_name":"DST-CHEMICALS","article_publisher":"https:\/\/www.facebook.com\/people\/DST-CHEMICALS-AS\/100069341983712\/","article_modified_time":"2023-06-14T06:23:57+00:00","og_image":[{"width":2560,"height":1122,"url":"https:\/\/dstchemicals.com\/wp-content\/uploads\/2023\/10\/Image-OFFICE-Get-to-Know-Us-with-Logo-OVAL.jpg","type":"image\/jpeg"}],"twitter_card":"summary_large_image","schema":{"@context":"https:\/\/schema.org","@graph":[{"@type":"WebPage","@id":"https:\/\/dstchemicals.com\/de\/uber-uns","url":"https:\/\/dstchemicals.com\/de\/uber-uns","name":"\u00dcber uns - DST-CHEMICALS","isPartOf":{"@id":"https:\/\/dstchemicals.com\/de#website"},"datePublished":"2022-10-12T08:27:24+00:00","dateModified":"2023-06-14T06:23:57+00:00","description":"Lesen Sie mehr \u00fcber uns und unsere Mission, wie Sie mit unseren industriellen Reinigungsl\u00f6sungen Kosten senken und Energie sparen k\u00f6nnen","breadcrumb":{"@id":"https:\/\/dstchemicals.com\/de\/uber-uns#breadcrumb"},"inLanguage":"de","potentialAction":[{"@type":"ReadAction","target":["https:\/\/dstchemicals.com\/de\/uber-uns"]}]},{"@type":"BreadcrumbList","@id":"https:\/\/dstchemicals.com\/de\/uber-uns#breadcrumb","itemListElement":[{"@type":"ListItem","position":1,"name":"Home","item":"https:\/\/dstchemicals.com\/de"},{"@type":"ListItem","position":2,"name":"\u00dcber uns"}]},{"@type":"WebSite","@id":"https:\/\/dstchemicals.com\/de#website","url":"https:\/\/dstchemicals.com\/de","name":"DST-CHEMICALS","description":"Cleaning is a question of chemistry","publisher":{"@id":"https:\/\/dstchemicals.com\/de#organization"},"alternateName":"DST","potentialAction":[{"@type":"SearchAction","target":{"@type":"EntryPoint","urlTemplate":"https:\/\/dstchemicals.com\/de?s={search_term_string}"},"query-input":{"@type":"PropertyValueSpecification","valueRequired":true,"valueName":"search_term_string"}}],"inLanguage":"de"},{"@type":"Organization","@id":"https:\/\/dstchemicals.com\/de#organization","name":"DST-CHEMICALS","alternateName":"DST","url":"https:\/\/dstchemicals.com\/de","logo":{"@type":"ImageObject","inLanguage":"de","@id":"https:\/\/dstchemicals.com\/de#\/schema\/logo\/image\/","url":"https:\/\/dstchemicals.com\/wp-content\/uploads\/2023\/02\/DST-CHEMICALS-Logo-2021-RGB-336x280-1.png","contentUrl":"https:\/\/dstchemicals.com\/wp-content\/uploads\/2023\/02\/DST-CHEMICALS-Logo-2021-RGB-336x280-1.png","width":336,"height":280,"caption":"DST-CHEMICALS"},"image":{"@id":"https:\/\/dstchemicals.com\/de#\/schema\/logo\/image\/"},"sameAs":["https:\/\/www.facebook.com\/people\/DST-CHEMICALS-AS\/100069341983712\/","https:\/\/www.linkedin.com\/company\/dstchemicals\/"],"legalName":"DST-CHEMICALS A\/S","vatID":"DK10831237","numberOfEmployees":{"@type":"QuantitativeValue","minValue":"51","maxValue":"200"}}]}},"_links":{"self":[{"href":"https:\/\/dstchemicals.com\/de\/wp-json\/wp\/v2\/pages\/4760","targetHints":{"allow":["GET"]}}],"collection":[{"href":"https:\/\/dstchemicals.com\/de\/wp-json\/wp\/v2\/pages"}],"about":[{"href":"https:\/\/dstchemicals.com\/de\/wp-json\/wp\/v2\/types\/page"}],"author":[{"embeddable":true,"href":"https:\/\/dstchemicals.com\/de\/wp-json\/wp\/v2\/users\/4"}],"replies":[{"embeddable":true,"href":"https:\/\/dstchemicals.com\/de\/wp-json\/wp\/v2\/comments?post=4760"}],"version-history":[{"count":0,"href":"https:\/\/dstchemicals.com\/de\/wp-json\/wp\/v2\/pages\/4760\/revisions"}],"wp:attachment":[{"href":"https:\/\/dstchemicals.com\/de\/wp-json\/wp\/v2\/media?parent=4760"}],"wp:term":[{"taxonomy":"page-template","embeddable":true,"href":"https:\/\/dstchemicals.com\/de\/wp-json\/wp\/v2\/page-template?post=4760"}],"curies":[{"name":"wp","href":"https:\/\/api.w.org\/{rel}","templated":true}]}}