{"id":12197,"date":"2023-06-20T08:20:26","date_gmt":"2023-06-20T06:20:26","guid":{"rendered":"https:\/\/dstchemicals.com\/?page_id=12197"},"modified":"2024-08-22T16:47:04","modified_gmt":"2024-08-22T14:47:04","slug":"dekuji","status":"publish","type":"page","link":"https:\/\/dstchemicals.com\/cs\/dekuji","title":{"rendered":"Dekuji &#8211; Thank you"},"content":{"rendered":"<h1>\n<h1 style=\"text-align: center;\">D\u011bkujeme za va\u0161i zpr\u00e1vu<\/h1>\n<h3 style=\"text-align: center;\">Ozveme se v\u00e1m co nejd\u0159\u00edve.<\/h3>\n<\/h1>\n<div>\n<h3 style=\"text-align: center;\">Zat\u00edmco budete \u010dekat, mohlo by v\u00e1s<br \/>zaj\u00edmat, co si o n\u00e1s mysl\u00ed na\u0161i z\u00e1kazn\u00edci.<\/h3>\n<\/div>\n<p>\n    <a href=\"\/cases\/\">p\u0159e\u010dt\u011bte si obchodn\u00ed p\u0159\u00edpady<\/a>\n<\/p>\n<p><!--more--><br \/>\n<!-- {\"type\":\"layout\",\"children\":[{\"type\":\"section\",\"props\":{\"animation\":\"fade\",\"animation_delay\":\"350\",\"height\":\"viewport\",\"height_offset_top\":true,\"height_viewport\":80,\"image_position\":\"center-center\",\"padding\":\"xlarge\",\"style\":\"default\",\"title_breakpoint\":\"xl\",\"title_position\":\"top-left\",\"title_rotation\":\"left\",\"vertical_align\":\"middle\",\"width\":\"default\"},\"children\":[{\"type\":\"row\",\"children\":[{\"type\":\"column\",\"props\":{\"image_position\":\"center-center\",\"position_sticky_breakpoint\":\"m\"},\"children\":[{\"type\":\"headline\",\"props\":{\"block_align\":\"center\",\"content\":\"\n\n<h1 style=\\\"text-align: center;\\\">D\\u011bkujeme za va\\u0161i zpr\\u00e1vu<\\\/h1>\\n\n\n<h3 style=\\\"text-align: center;\\\">Ozveme se v\\u00e1m co nejd\\u0159\\u00edve.<\\\/h3>\",\"margin\":\"large\",\"text_align\":\"center\",\"title_element\":\"h1\",\"title_style\":\"heading-small\"},\"name\":\"Centered large quote \\\/ text\"},{\"type\":\"text\",\"props\":{\"column_breakpoint\":\"m\",\"content\":\"\n\n<h3 style=\\\"text-align: center;\\\">Zat\\u00edmco budete \\u010dekat, mohlo by v\\u00e1s<br \\\/>zaj\\u00edmat, co si o n\\u00e1s mysl\\u00ed na\\u0161i z\\u00e1kazn\\u00edci.<\\\/h3>\",\"margin\":\"default\"}},{\"type\":\"button\",\"props\":{\"grid_column_gap\":\"small\",\"grid_row_gap\":\"small\",\"margin\":\"default\",\"text_align\":\"center\"},\"children\":[{\"type\":\"button_item\",\"props\":{\"button_style\":\"default\",\"content\":\"p\\u0159e\\u010dt\\u011bte si obchodn\\u00ed p\\u0159\\u00edpady\",\"icon_align\":\"left\",\"link\":\"cases\\\/\"}}],\"name\":\"Centered button\"}]}]}],\"name\":\"Big text w\\\/button under\"}],\"version\":\"4.3.5\",\"yooessentialsVersion\":\"2.2.14\"} --><\/p>\n","protected":false},"excerpt":{"rendered":"<p>D\u011bkujeme za va\u0161i zpr\u00e1vu Ozveme se v\u00e1m co nejd\u0159\u00edve. Zat\u00edmco budete \u010dekat, mohlo by v\u00e1szaj\u00edmat, co si o n\u00e1s mysl\u00ed na\u0161i z\u00e1kazn\u00edci. p\u0159e\u010dt\u011bte si obchodn\u00ed p\u0159\u00edpady<\/p>\n","protected":false},"author":4,"featured_media":0,"parent":0,"menu_order":0,"comment_status":"closed","ping_status":"closed","template":"","meta":{"_acf_changed":false,"footnotes":""},"page-template":[],"class_list":["post-12197","page","type-page","status-publish","hentry"],"acf":[],"yoast_head":"<!-- This site is optimized with the Yoast SEO Premium plugin v27.4 (Yoast SEO v27.4) - https:\/\/yoast.com\/product\/yoast-seo-premium-wordpress\/ -->\n<title>Dekuji - Thank you - DST-CHEMICALS<\/title>\n<meta name=\"robots\" content=\"noindex, nofollow\" \/>\n<meta property=\"og:locale\" content=\"cs_CZ\" \/>\n<meta property=\"og:type\" content=\"article\" \/>\n<meta property=\"og:title\" content=\"Dekuji - Thank you\" \/>\n<meta property=\"og:description\" content=\"D\u011bkujeme za va\u0161i zpr\u00e1vu Ozveme se v\u00e1m co nejd\u0159\u00edve. Zat\u00edmco budete \u010dekat, mohlo by v\u00e1szaj\u00edmat, co si o n\u00e1s mysl\u00ed na\u0161i z\u00e1kazn\u00edci. p\u0159e\u010dt\u011bte si obchodn\u00ed p\u0159\u00edpady\" \/>\n<meta property=\"og:url\" content=\"https:\/\/dstchemicals.com\/cs\/dekuji\" \/>\n<meta property=\"og:site_name\" content=\"DST-CHEMICALS\" \/>\n<meta property=\"article:publisher\" content=\"https:\/\/www.facebook.com\/people\/DST-CHEMICALS-AS\/100069341983712\/\" \/>\n<meta property=\"article:modified_time\" content=\"2024-08-22T14:47:04+00:00\" \/>\n<meta property=\"og:image\" content=\"https:\/\/dstchemicals.com\/wp-content\/uploads\/2023\/10\/Image-OFFICE-Get-to-Know-Us-with-Logo-OVAL.jpg\" \/>\n\t<meta property=\"og:image:width\" content=\"2560\" \/>\n\t<meta property=\"og:image:height\" content=\"1122\" \/>\n\t<meta property=\"og:image:type\" content=\"image\/jpeg\" \/>\n<meta name=\"twitter:card\" content=\"summary_large_image\" \/>\n<meta name=\"twitter:label1\" content=\"Odhadovan\u00e1 doba \u010dten\u00ed\" \/>\n\t<meta name=\"twitter:data1\" content=\"1 minuta\" \/>\n<script type=\"application\/ld+json\" class=\"yoast-schema-graph\">{\"@context\":\"https:\\\/\\\/schema.org\",\"@graph\":[{\"@type\":\"WebPage\",\"@id\":\"https:\\\/\\\/dstchemicals.com\\\/cs\\\/dekuji\",\"url\":\"https:\\\/\\\/dstchemicals.com\\\/cs\\\/dekuji\",\"name\":\"Dekuji - Thank you - DST-CHEMICALS\",\"isPartOf\":{\"@id\":\"https:\\\/\\\/dstchemicals.com\\\/cs#website\"},\"datePublished\":\"2023-06-20T06:20:26+00:00\",\"dateModified\":\"2024-08-22T14:47:04+00:00\",\"breadcrumb\":{\"@id\":\"https:\\\/\\\/dstchemicals.com\\\/cs\\\/dekuji#breadcrumb\"},\"inLanguage\":\"cs\",\"potentialAction\":[{\"@type\":\"ReadAction\",\"target\":[\"https:\\\/\\\/dstchemicals.com\\\/cs\\\/dekuji\"]}]},{\"@type\":\"BreadcrumbList\",\"@id\":\"https:\\\/\\\/dstchemicals.com\\\/cs\\\/dekuji#breadcrumb\",\"itemListElement\":[{\"@type\":\"ListItem\",\"position\":1,\"name\":\"Home\",\"item\":\"https:\\\/\\\/dstchemicals.com\\\/cs\"},{\"@type\":\"ListItem\",\"position\":2,\"name\":\"Dekuji &#8211; Thank you\"}]},{\"@type\":\"WebSite\",\"@id\":\"https:\\\/\\\/dstchemicals.com\\\/cs#website\",\"url\":\"https:\\\/\\\/dstchemicals.com\\\/cs\",\"name\":\"DST-CHEMICALS\",\"description\":\"Cleaning is a question of chemistry\",\"publisher\":{\"@id\":\"https:\\\/\\\/dstchemicals.com\\\/cs#organization\"},\"alternateName\":\"DST\",\"potentialAction\":[{\"@type\":\"SearchAction\",\"target\":{\"@type\":\"EntryPoint\",\"urlTemplate\":\"https:\\\/\\\/dstchemicals.com\\\/cs?s={search_term_string}\"},\"query-input\":{\"@type\":\"PropertyValueSpecification\",\"valueRequired\":true,\"valueName\":\"search_term_string\"}}],\"inLanguage\":\"cs\"},{\"@type\":\"Organization\",\"@id\":\"https:\\\/\\\/dstchemicals.com\\\/cs#organization\",\"name\":\"DST-CHEMICALS\",\"alternateName\":\"DST\",\"url\":\"https:\\\/\\\/dstchemicals.com\\\/cs\",\"logo\":{\"@type\":\"ImageObject\",\"inLanguage\":\"cs\",\"@id\":\"https:\\\/\\\/dstchemicals.com\\\/cs#\\\/schema\\\/logo\\\/image\\\/\",\"url\":\"https:\\\/\\\/dstchemicals.com\\\/wp-content\\\/uploads\\\/2023\\\/02\\\/DST-CHEMICALS-Logo-2021-RGB-336x280-1.png\",\"contentUrl\":\"https:\\\/\\\/dstchemicals.com\\\/wp-content\\\/uploads\\\/2023\\\/02\\\/DST-CHEMICALS-Logo-2021-RGB-336x280-1.png\",\"width\":336,\"height\":280,\"caption\":\"DST-CHEMICALS\"},\"image\":{\"@id\":\"https:\\\/\\\/dstchemicals.com\\\/cs#\\\/schema\\\/logo\\\/image\\\/\"},\"sameAs\":[\"https:\\\/\\\/www.facebook.com\\\/people\\\/DST-CHEMICALS-AS\\\/100069341983712\\\/\",\"https:\\\/\\\/www.linkedin.com\\\/company\\\/dstchemicals\\\/\"],\"legalName\":\"DST-CHEMICALS A\\\/S\",\"vatID\":\"DK10831237\",\"numberOfEmployees\":{\"@type\":\"QuantitativeValue\",\"minValue\":\"51\",\"maxValue\":\"200\"}}]}<\/script>\n<!-- \/ Yoast SEO Premium plugin. -->","yoast_head_json":{"title":"Dekuji - Thank you - DST-CHEMICALS","robots":{"index":"noindex","follow":"nofollow"},"og_locale":"cs_CZ","og_type":"article","og_title":"Dekuji - Thank you","og_description":"D\u011bkujeme za va\u0161i zpr\u00e1vu Ozveme se v\u00e1m co nejd\u0159\u00edve. Zat\u00edmco budete \u010dekat, mohlo by v\u00e1szaj\u00edmat, co si o n\u00e1s mysl\u00ed na\u0161i z\u00e1kazn\u00edci. p\u0159e\u010dt\u011bte si obchodn\u00ed p\u0159\u00edpady","og_url":"https:\/\/dstchemicals.com\/cs\/dekuji","og_site_name":"DST-CHEMICALS","article_publisher":"https:\/\/www.facebook.com\/people\/DST-CHEMICALS-AS\/100069341983712\/","article_modified_time":"2024-08-22T14:47:04+00:00","og_image":[{"width":2560,"height":1122,"url":"https:\/\/dstchemicals.com\/wp-content\/uploads\/2023\/10\/Image-OFFICE-Get-to-Know-Us-with-Logo-OVAL.jpg","type":"image\/jpeg"}],"twitter_card":"summary_large_image","twitter_misc":{"Odhadovan\u00e1 doba \u010dten\u00ed":"1 minuta"},"schema":{"@context":"https:\/\/schema.org","@graph":[{"@type":"WebPage","@id":"https:\/\/dstchemicals.com\/cs\/dekuji","url":"https:\/\/dstchemicals.com\/cs\/dekuji","name":"Dekuji - Thank you - DST-CHEMICALS","isPartOf":{"@id":"https:\/\/dstchemicals.com\/cs#website"},"datePublished":"2023-06-20T06:20:26+00:00","dateModified":"2024-08-22T14:47:04+00:00","breadcrumb":{"@id":"https:\/\/dstchemicals.com\/cs\/dekuji#breadcrumb"},"inLanguage":"cs","potentialAction":[{"@type":"ReadAction","target":["https:\/\/dstchemicals.com\/cs\/dekuji"]}]},{"@type":"BreadcrumbList","@id":"https:\/\/dstchemicals.com\/cs\/dekuji#breadcrumb","itemListElement":[{"@type":"ListItem","position":1,"name":"Home","item":"https:\/\/dstchemicals.com\/cs"},{"@type":"ListItem","position":2,"name":"Dekuji &#8211; Thank you"}]},{"@type":"WebSite","@id":"https:\/\/dstchemicals.com\/cs#website","url":"https:\/\/dstchemicals.com\/cs","name":"DST-CHEMICALS","description":"Cleaning is a question of chemistry","publisher":{"@id":"https:\/\/dstchemicals.com\/cs#organization"},"alternateName":"DST","potentialAction":[{"@type":"SearchAction","target":{"@type":"EntryPoint","urlTemplate":"https:\/\/dstchemicals.com\/cs?s={search_term_string}"},"query-input":{"@type":"PropertyValueSpecification","valueRequired":true,"valueName":"search_term_string"}}],"inLanguage":"cs"},{"@type":"Organization","@id":"https:\/\/dstchemicals.com\/cs#organization","name":"DST-CHEMICALS","alternateName":"DST","url":"https:\/\/dstchemicals.com\/cs","logo":{"@type":"ImageObject","inLanguage":"cs","@id":"https:\/\/dstchemicals.com\/cs#\/schema\/logo\/image\/","url":"https:\/\/dstchemicals.com\/wp-content\/uploads\/2023\/02\/DST-CHEMICALS-Logo-2021-RGB-336x280-1.png","contentUrl":"https:\/\/dstchemicals.com\/wp-content\/uploads\/2023\/02\/DST-CHEMICALS-Logo-2021-RGB-336x280-1.png","width":336,"height":280,"caption":"DST-CHEMICALS"},"image":{"@id":"https:\/\/dstchemicals.com\/cs#\/schema\/logo\/image\/"},"sameAs":["https:\/\/www.facebook.com\/people\/DST-CHEMICALS-AS\/100069341983712\/","https:\/\/www.linkedin.com\/company\/dstchemicals\/"],"legalName":"DST-CHEMICALS A\/S","vatID":"DK10831237","numberOfEmployees":{"@type":"QuantitativeValue","minValue":"51","maxValue":"200"}}]}},"_links":{"self":[{"href":"https:\/\/dstchemicals.com\/cs\/wp-json\/wp\/v2\/pages\/12197","targetHints":{"allow":["GET"]}}],"collection":[{"href":"https:\/\/dstchemicals.com\/cs\/wp-json\/wp\/v2\/pages"}],"about":[{"href":"https:\/\/dstchemicals.com\/cs\/wp-json\/wp\/v2\/types\/page"}],"author":[{"embeddable":true,"href":"https:\/\/dstchemicals.com\/cs\/wp-json\/wp\/v2\/users\/4"}],"replies":[{"embeddable":true,"href":"https:\/\/dstchemicals.com\/cs\/wp-json\/wp\/v2\/comments?post=12197"}],"version-history":[{"count":6,"href":"https:\/\/dstchemicals.com\/cs\/wp-json\/wp\/v2\/pages\/12197\/revisions"}],"predecessor-version":[{"id":12682,"href":"https:\/\/dstchemicals.com\/cs\/wp-json\/wp\/v2\/pages\/12197\/revisions\/12682"}],"wp:attachment":[{"href":"https:\/\/dstchemicals.com\/cs\/wp-json\/wp\/v2\/media?parent=12197"}],"wp:term":[{"taxonomy":"page-template","embeddable":true,"href":"https:\/\/dstchemicals.com\/cs\/wp-json\/wp\/v2\/page-template?post=12197"}],"curies":[{"name":"wp","href":"https:\/\/api.w.org\/{rel}","templated":true}]}}